{"id":8,"date":"2017-07-18T10:34:30","date_gmt":"2017-07-18T08:34:30","guid":{"rendered":"http:\/\/pizzas-lesmascareignes.fr\/?page_id=8"},"modified":"2023-07-01T09:49:15","modified_gmt":"2023-07-01T07:49:15","slug":"base-creme","status":"publish","type":"page","link":"https:\/\/pizzas-lesmascareignes.fr\/?page_id=8","title":{"rendered":"Base Cr\u00e8me fra\u00eeche"},"content":{"rendered":"<p style=\"text-align: center;\"><strong>D\u00e9couvrez toutes nos pizzas \u00e0 base de<span class=\"st\"><em> Cr\u00e8me fra\u00eeche<\/em><\/span><br \/>\n<\/strong><\/p>\n<p style=\"text-align: center;\"><strong>(Sauce piquante sur demande)<\/strong><\/p>\n<p style=\"text-align: center;\"><strong>Dia. 33cm<\/strong><\/p>\n<p style=\"text-align: center;\">\n<table id=\"tablepress-11\" class=\"tablepress tablepress-id-11\">\n<tbody>\n<tr class=\"row-1 odd\">\n\t<td class=\"column-1\"><strong>Neptune blanche<\/strong>\t<\/td><td class=\"column-2\"> Cr\u00e8me, \u00e9paule, fromage<\/td><td class=\"column-3\"><strong>12\u20ac<\/strong><\/td>\n<\/tr>\n<tr class=\"row-2 even\">\n\t<td class=\"column-1\"><strong>Royale blanche<\/strong>\t<\/td><td class=\"column-2\">Cr\u00e8me, \u00e9paule, champignons, fromage<\/td><td class=\"column-3\"><strong>13\u20ac<\/strong><\/td>\n<\/tr>\n<tr class=\"row-3 odd\">\n\t<td class=\"column-1\"><strong>Alsacienne<\/strong>\t<\/td><td class=\"column-2\">Cr\u00e8me, lardons, oignons, fromage<\/td><td class=\"column-3\"><strong>13\u20ac<\/strong><\/td>\n<\/tr>\n<tr class=\"row-4 even\">\n\t<td class=\"column-1\"><strong>Hawaienne<\/strong>\t<\/td><td class=\"column-2\">Cr\u00e8me, poulet, ananas, fromage<\/td><td class=\"column-3\"><strong>14\u20ac<\/strong><\/td>\n<\/tr>\n<tr class=\"row-5 odd\">\n\t<td class=\"column-1\"><strong>Ch\u00e8vre-miel<\/strong>\t<\/td><td class=\"column-2\">Cr\u00e8me, ch\u00e8vre, miel, noix, fromage<\/td><td class=\"column-3\"><strong>14\u20ac<\/strong><\/td>\n<\/tr>\n<tr class=\"row-6 even\">\n\t<td class=\"column-1\"><strong>Parisienne<\/strong>\t<\/td><td class=\"column-2\">Cr\u00e8me poulet, champignons, lardons, fromage<\/td><td class=\"column-3\"><strong>14\u20ac<\/strong><\/td>\n<\/tr>\n<tr class=\"row-7 odd\">\n\t<td class=\"column-1\"><strong>4 Fromages<\/strong>\t<\/td><td class=\"column-2\">Cr\u00e8me, emmental, ch\u00e8vre, bleu, mozzarella<\/td><td class=\"column-3\"><strong>15\u20ac<\/strong><\/td>\n<\/tr>\n<tr class=\"row-8 even\">\n\t<td class=\"column-1\"><strong>Norv\u00e9gienne<\/strong>\t<\/td><td class=\"column-2\">Cr\u00e8me, saumon, champignons, citron, fromage<\/td><td class=\"column-3\"><strong>15\u20ac<\/strong><\/td>\n<\/tr>\n<tr class=\"row-9 odd\">\n\t<td class=\"column-1\"><strong>Andalouse<\/strong>\t<\/td><td class=\"column-2\">Cr\u00e8me, boeuf, chorizo, oignons, fromage<\/td><td class=\"column-3\"><strong>15\u20ac<\/strong><\/td>\n<\/tr>\n<tr class=\"row-10 even\">\n\t<td class=\"column-1\"><strong>Raclette<\/strong>\t<\/td><td class=\"column-2\">Cr\u00e8me, \u00e9paule pomme de terre, raclette, jambon cru, fromage<\/td><td class=\"column-3\"><strong>15\u20ac<\/strong><\/td>\n<\/tr>\n<tr class=\"row-11 odd\">\n\t<td class=\"column-1\"><strong>Tartiflette<\/strong>\t<\/td><td class=\"column-2\">Cr\u00e8me, lardons, pomme de terre, reblochon, fromage<\/td><td class=\"column-3\"><strong>15\u20ac<\/strong><\/td>\n<\/tr>\n<tr class=\"row-12 even\">\n\t<td class=\"column-1\"><strong>Montagnarde<\/strong>\t<\/td><td class=\"column-2\">Creme, boeuf, pomme de terre, reblochon, fromage<\/td><td class=\"column-3\"><strong>15\u20ac<\/strong><\/td>\n<\/tr>\n<tr class=\"row-13 odd\">\n\t<td class=\"column-1\"><strong>Indienne<\/strong>\t<\/td><td class=\"column-2\">Cr\u00e9me, poulet, ananas, poivrons, curry, fromage<\/td><td class=\"column-3\"><strong>15\u20ac<\/strong><\/td>\n<\/tr>\n<tr class=\"row-14 even\">\n\t<td class=\"column-1\"><strong>K\u00e9bab<\/strong>\t<\/td><td class=\"column-2\">Cr\u00e8me, kebab, oignons, sauce blanche, fromage<\/td><td class=\"column-3\"><strong>15\u20ac<\/strong><\/td>\n<\/tr>\n<tr class=\"row-15 odd\">\n\t<td class=\"column-1\"><strong>Supr\u00eame<\/strong>\t<\/td><td class=\"column-2\">Cr\u00e8me, sarcive, ch\u00e8vre, miel, fromage<\/td><td class=\"column-3\"><strong>16\u20ac<\/strong><\/td>\n<\/tr>\n<tr class=\"row-16 even\">\n\t<td class=\"column-1\"><strong>Saint jacques<\/strong>\t<\/td><td class=\"column-2\">Creme, noix de saint jacques, persillade, fromage<\/td><td class=\"column-3\"><strong>16\u20ac<\/strong6<\/td>\n<\/tr>\n<\/tbody>\n<\/table>\n<!-- #tablepress-11 from cache --><\/p>\n<h3 style=\"text-align: center;\">Suppl\u00e9ment :<\/h3>\n<p style=\"text-align: center;\">Oeuf : 1\u20ac &#8211; L\u00e9gume : 1\u20ac &#8211; Viande, Poissons, Fromage : 2\u20ac<\/p>\n<h3 style=\"text-align: center;\">Liste des allerg\u00e8nes :<\/h3>\n<div dir=\"auto\" style=\"text-align: center;\">C\u00e9r\u00e9ales, arachides, fruits \u00e0 coque, \u0153ufs, poissons, soja, lait, crustac\u00e9s, mollusques, c\u00e9leri, moutarde, graines de s\u00e9same, lupin, sulfites.<\/div>\n","protected":false},"excerpt":{"rendered":"<p>D\u00e9couvrez toutes nos pizzas \u00e0 base de Cr\u00e8me fra\u00eeche (Sauce piquante sur demande) Dia. 33cm Suppl\u00e9ment : Oeuf : 1\u20ac &#8211; L\u00e9gume : 1\u20ac &#8211; Viande, Poissons, Fromage : 2\u20ac Liste des allerg\u00e8nes : C\u00e9r\u00e9ales, arachides, fruits \u00e0 coque, \u0153ufs, poissons, soja, lait, crustac\u00e9s, mollusques, c\u00e9leri, moutarde, graines de s\u00e9same, lupin, sulfites.<\/p>\n","protected":false},"author":1,"featured_media":0,"parent":0,"menu_order":3,"comment_status":"closed","ping_status":"closed","template":"","meta":[],"_links":{"self":[{"href":"https:\/\/pizzas-lesmascareignes.fr\/index.php?rest_route=\/wp\/v2\/pages\/8"}],"collection":[{"href":"https:\/\/pizzas-lesmascareignes.fr\/index.php?rest_route=\/wp\/v2\/pages"}],"about":[{"href":"https:\/\/pizzas-lesmascareignes.fr\/index.php?rest_route=\/wp\/v2\/types\/page"}],"author":[{"embeddable":true,"href":"https:\/\/pizzas-lesmascareignes.fr\/index.php?rest_route=\/wp\/v2\/users\/1"}],"replies":[{"embeddable":true,"href":"https:\/\/pizzas-lesmascareignes.fr\/index.php?rest_route=%2Fwp%2Fv2%2Fcomments&post=8"}],"version-history":[{"count":10,"href":"https:\/\/pizzas-lesmascareignes.fr\/index.php?rest_route=\/wp\/v2\/pages\/8\/revisions"}],"predecessor-version":[{"id":144,"href":"https:\/\/pizzas-lesmascareignes.fr\/index.php?rest_route=\/wp\/v2\/pages\/8\/revisions\/144"}],"wp:attachment":[{"href":"https:\/\/pizzas-lesmascareignes.fr\/index.php?rest_route=%2Fwp%2Fv2%2Fmedia&parent=8"}],"curies":[{"name":"wp","href":"https:\/\/api.w.org\/{rel}","templated":true}]}}