{"id":7,"date":"2017-07-18T10:34:15","date_gmt":"2017-07-18T08:34:15","guid":{"rendered":"http:\/\/pizzas-lesmascareignes.fr\/?page_id=7"},"modified":"2020-12-22T18:07:47","modified_gmt":"2020-12-22T17:07:47","slug":"base-tomate","status":"publish","type":"page","link":"https:\/\/pizzas-lesmascareignes.fr\/?page_id=7","title":{"rendered":"Base Tomate"},"content":{"rendered":"<p style=\"text-align: center;\"><strong>Toutes nos pizzas traditionnelles sont garnies d&rsquo;olives et d&rsquo;origan <\/strong><\/p>\n<p style=\"text-align: center;\"><strong>(Sauce piquante sur demande)<\/strong><\/p>\n<p style=\"text-align: center;\"><strong>Dia. 33cm<\/strong><\/p>\n<p style=\"text-align: center;\">\n<table id=\"tablepress-1\" class=\"tablepress tablepress-id-1\">\n<tbody>\n<tr class=\"row-1 odd\">\n\t<td class=\"column-1\"><strong>Romaine<\/strong><\/td><td class=\"column-2\">Tomate, fromage<\/td><td class=\"column-3\"><strong>10\u20ac<\/strong><\/td>\n<\/tr>\n<tr class=\"row-2 even\">\n\t<td class=\"column-1\"><strong>Neptune<\/strong><\/td><td class=\"column-2\">Tomate, \u00e9paule, fromage<\/td><td class=\"column-3\"><strong>10\u20ac<\/strong1<\/td>\n<\/tr>\n<tr class=\"row-3 odd\">\n\t<td class=\"column-1\"><strong>Royale<\/strong><\/td><td class=\"column-2\">Tomate, \u00e9paule, champignons, fromage<\/td><td class=\"column-3\"><strong>12\u20ac<\/strong><\/td>\n<\/tr>\n<tr class=\"row-4 even\">\n\t<td class=\"column-1\"><strong>Chorizo<\/strong><\/td><td class=\"column-2\">Tomate, chorizo,  fromage<\/td><td class=\"column-3\"><strong>12\u20ac<\/strong><\/td>\n<\/tr>\n<tr class=\"row-5 odd\">\n\t<td class=\"column-1\"><strong>Paysanne<\/strong><\/td><td class=\"column-2\">Tomate, \u00e9paule, lardons, fromage<\/td><td class=\"column-3\"><strong>13\u20ac<\/strong><\/td>\n<\/tr>\n<tr class=\"row-6 even\">\n\t<td class=\"column-1\"><strong>Napolitaine<\/strong><\/td><td class=\"column-2\">Tomate, anchois, c\u00e2pres, fromage<\/td><td class=\"column-3\"><strong>13\u20ac<\/strong><\/td>\n<\/tr>\n<tr class=\"row-7 odd\">\n\t<td class=\"column-1\"><strong>Orientale<\/strong><\/td><td class=\"column-2\">Tomate, merguez, gros piment, fromage<\/td><td class=\"column-3\"><strong>13\u20ac<\/strong><\/td>\n<\/tr>\n<tr class=\"row-8 even\">\n\t<td class=\"column-1\"><strong>Auvergnate<\/strong><\/td><td class=\"column-2\">Tomate, lardons, bleu, cr\u00e8me fra\u00eeche, fromage<\/td><td class=\"column-3\"><strong>13\u20ac<\/strong><\/td>\n<\/tr>\n<tr class=\"row-9 odd\">\n\t<td class=\"column-1\"><strong>Thon Ma\u00efs<\/strong><\/td><td class=\"column-2\">Tomate, thon, oignons, ma\u00efs,  fromage<\/td><td class=\"column-3\"><strong>13\u20ac<\/strong><\/td>\n<\/tr>\n<tr class=\"row-10 even\">\n\t<td class=\"column-1\"><strong>4 Saisons<\/strong><\/td><td class=\"column-2\">Tomate, \u00e9paule, champignons, artichaud, persillade, fromage<\/td><td class=\"column-3\"><strong>14\u20ac<\/strong><\/td>\n<\/tr>\n<tr class=\"row-11 odd\">\n\t<td class=\"column-1\"><strong>V\u00e9g\u00e9tarienne<\/strong><\/td><td class=\"column-2\">Tomate, artichaud, champignons, oignons, poivrons, fromage<\/td><td class=\"column-3\"><strong>14\u20ac<\/strong><\/td>\n<\/tr>\n<tr class=\"row-12 even\">\n\t<td class=\"column-1\"><strong>Cr\u00e9ole<\/strong><\/td><td class=\"column-2\">Tomate, saussice fum\u00e9e, gros piment oignons, fromage.<\/td><td class=\"column-3\"><strong>14\u20ac<\/strong><\/td>\n<\/tr>\n<tr class=\"row-13 odd\">\n\t<td class=\"column-1\"><strong>Sarcive<\/strong><\/td><td class=\"column-2\">Tomate, sarcive, champignons, cr\u00e8me fraiche, fromage<\/td><td class=\"column-3\"><strong>14\u20ac<\/strong><\/td>\n<\/tr>\n<tr class=\"row-14 even\">\n\t<td class=\"column-1\"><strong>Basquaise<\/strong><\/td><td class=\"column-2\">Tomate, chorizo, oignons, gros piment, poivrons, fromage.<\/td><td class=\"column-3\"><strong>14\u20ac<\/strong><\/td>\n<\/tr>\n<tr class=\"row-15 odd\">\n\t<td class=\"column-1\"><strong>Proven\u00e7ale<\/strong><\/td><td class=\"column-2\">Tomate, poulet, poivrons, oignons, fromage<\/td><td class=\"column-3\"><strong>14\u20ac<\/strong><\/td>\n<\/tr>\n<tr class=\"row-16 even\">\n\t<td class=\"column-1\"><strong>Australienne<\/strong><\/td><td class=\"column-2\">Tomate, \u00e9paule, ananas, lardons, cr\u00e8me fraiche, fromage<\/td><td class=\"column-3\"><strong>14\u20ac<\/strong><\/td>\n<\/tr>\n<tr class=\"row-17 odd\">\n\t<td class=\"column-1\"><strong>Buffalo<\/strong><\/td><td class=\"column-2\">Tomate, boeuf hach\u00e9, oignons, fromage<\/td><td class=\"column-3\"><strong>14\u20ac<\/strong><\/td>\n<\/tr>\n<tr class=\"row-18 even\">\n\t<td class=\"column-1\"><strong>Imp\u00e9riale<\/strong><\/td><td class=\"column-2\">Tomate, \u00e9paule, champignons, lardons, oignons, creme fraiche, fromage<\/td><td class=\"column-3\"><strong>14\u20ac<\/strong><\/td>\n<\/tr>\n<tr class=\"row-19 odd\">\n\t<td class=\"column-1\"><strong>Asiatique<\/strong><\/td><td class=\"column-2\">Tomate, sarcive, ananas, cr\u00e8me fra\u00eeche, fromage<\/td><td class=\"column-3\"><strong>14\u20ac<\/strong><\/td>\n<\/tr>\n<tr class=\"row-20 even\">\n\t<td class=\"column-1\"><strong>Mexicaine<\/strong><\/td><td class=\"column-2\">Tomate, boeuf, chorizo, oignons, ma\u00efs, \u00e9pices chili, fromage<\/td><td class=\"column-3\"><strong>15\u20ac<\/strong><\/td>\n<\/tr>\n<tr class=\"row-21 odd\">\n\t<td class=\"column-1\"><strong>Ard\u00e9choise<\/strong><\/td><td class=\"column-2\">Tomate, ch\u00e8vre, pomme de terre, lardons, ail, cr\u00e8me fraiche, fromage<\/td><td class=\"column-3\"><strong>15\u20ac<\/strong><\/td>\n<\/tr>\n<tr class=\"row-22 even\">\n\t<td class=\"column-1\"><strong>Burger<\/strong><\/td><td class=\"column-2\">Tomate, boeuf, oignons, cheddar, fromage, sauce burger<\/td><td class=\"column-3\"><strong>15\u20ac<\/strong><\/td>\n<\/tr>\n<\/tbody>\n<\/table>\n<!-- #tablepress-1 from cache --><\/p>\n<h3 style=\"text-align: center;\">Suppl\u00e9ment :<\/h3>\n<p style=\"text-align: center;\">Oeuf : 1\u20ac &#8211; L\u00e9gume : 1\u20ac &#8211; Viande, Poissons, Fromage : 2\u20ac<\/p>\n<h3 style=\"text-align: center;\">Liste des allerg\u00e8nes :<\/h3>\n<div dir=\"auto\" style=\"text-align: center;\">C\u00e9r\u00e9ales, arachides, fruits \u00e0 coque, \u0153ufs, poissons, soja, lait, crustac\u00e9s, mollusques, c\u00e9leri, moutarde, graines de s\u00e9same, lupin, sulfites.<\/div>\n","protected":false},"excerpt":{"rendered":"<p>Toutes nos pizzas traditionnelles sont garnies d&rsquo;olives et d&rsquo;origan (Sauce piquante sur demande) Dia. 33cm Suppl\u00e9ment : Oeuf : 1\u20ac &#8211; L\u00e9gume : 1\u20ac &#8211; Viande, Poissons, Fromage : 2\u20ac Liste des allerg\u00e8nes : C\u00e9r\u00e9ales, arachides, fruits \u00e0 coque, \u0153ufs, poissons, soja, lait, crustac\u00e9s, mollusques, c\u00e9leri, moutarde, graines de s\u00e9same, lupin, sulfites.<\/p>\n","protected":false},"author":1,"featured_media":0,"parent":0,"menu_order":2,"comment_status":"closed","ping_status":"closed","template":"","meta":[],"_links":{"self":[{"href":"https:\/\/pizzas-lesmascareignes.fr\/index.php?rest_route=\/wp\/v2\/pages\/7"}],"collection":[{"href":"https:\/\/pizzas-lesmascareignes.fr\/index.php?rest_route=\/wp\/v2\/pages"}],"about":[{"href":"https:\/\/pizzas-lesmascareignes.fr\/index.php?rest_route=\/wp\/v2\/types\/page"}],"author":[{"embeddable":true,"href":"https:\/\/pizzas-lesmascareignes.fr\/index.php?rest_route=\/wp\/v2\/users\/1"}],"replies":[{"embeddable":true,"href":"https:\/\/pizzas-lesmascareignes.fr\/index.php?rest_route=%2Fwp%2Fv2%2Fcomments&post=7"}],"version-history":[{"count":10,"href":"https:\/\/pizzas-lesmascareignes.fr\/index.php?rest_route=\/wp\/v2\/pages\/7\/revisions"}],"predecessor-version":[{"id":137,"href":"https:\/\/pizzas-lesmascareignes.fr\/index.php?rest_route=\/wp\/v2\/pages\/7\/revisions\/137"}],"wp:attachment":[{"href":"https:\/\/pizzas-lesmascareignes.fr\/index.php?rest_route=%2Fwp%2Fv2%2Fmedia&parent=7"}],"curies":[{"name":"wp","href":"https:\/\/api.w.org\/{rel}","templated":true}]}}